{"id":3944,"date":"2024-08-06T16:37:59","date_gmt":"2024-08-06T14:37:59","guid":{"rendered":"https:\/\/staging.tirelli.net\/formation\/"},"modified":"2024-10-24T13:50:12","modified_gmt":"2024-10-24T11:50:12","slug":"formation","status":"publish","type":"page","link":"https:\/\/staging.tirelli.net\/fr\/formation\/","title":{"rendered":"Formation"},"content":{"rendered":"\n<h2 class=\"wp-block-heading\">FORMATION DU CLIENT<\/h2>\n\n<p>Pour garantir un service apr\u00e8s-vente plus rapide, <strong>TIRELLI investit dans la formation de ses propres op\u00e9rateurs et dans celle du personnel technique de ses clients.<\/strong> De cette fa\u00e7on, la culture d\u2019apprentissage de l\u2019entreprise n\u2019est pas seulement diffus\u00e9e parmi les employ\u00e9s internes, mais s\u2019\u00e9tend au monde ext\u00e9rieur, ce qui est positif pour les deux parties.<\/p>\n\n<p>La formation des clients est organis\u00e9e dans l\u2019usine de <strong>Marmirolo<\/strong> ou, le cas \u00e9ch\u00e9ant, directement chez le client. Cette formation comprend \u00e9galement la tenue de cours de <strong>micro-learning<\/strong> <strong>visant \u00e0 am\u00e9liorer les connaissances du client sur les dynamiques particuli\u00e8res li\u00e9es<\/strong> au fonctionnement des machines TIRELLI.<\/p>\n\n<p>L\u2019objectif est d\u2019augmenter son autonomie op\u00e9rationnelle en cas de probl\u00e8mes pouvant survenir au cours de la dur\u00e9e de vie de sa machine.<\/p>\n\n<p><\/p>\n","protected":false},"excerpt":{"rendered":"<p>FORMATION DU CLIENT Pour garantir un service apr\u00e8s-vente plus rapide, TIRELLI investit dans la formation de ses propres op\u00e9rateurs et dans celle du personnel technique de ses clients. De cette fa\u00e7on, la culture d\u2019apprentissage de l\u2019entreprise n\u2019est pas seulement diffus\u00e9e parmi les employ\u00e9s internes, mais s\u2019\u00e9tend au monde ext\u00e9rieur, ce qui est positif pour les [&hellip;]<\/p>\n","protected":false},"author":1,"featured_media":3725,"parent":0,"menu_order":0,"comment_status":"closed","ping_status":"closed","template":"","meta":{"_acf_changed":false,"footnotes":""},"class_list":["post-3944","page","type-page","status-publish","has-post-thumbnail","hentry"],"acf":[],"yoast_head":"<!-- This site is optimized with the Yoast SEO plugin v27.4 - https:\/\/yoast.com\/product\/yoast-seo-wordpress\/ -->\n<title>TIRELLI. Formation clients<\/title>\n<meta name=\"description\" content=\"Pour am\u00e9liorer l&#039;efficacit\u00e9 de notre service apr\u00e8s-vente, TIRELLI investit dans la formation de ses op\u00e9rateurs ainsi que du personnel technique des clients.\" \/>\n<meta name=\"robots\" content=\"noindex, follow, max-snippet:-1, max-image-preview:large, max-video-preview:-1\" \/>\n<meta property=\"og:locale\" content=\"fr_FR\" \/>\n<meta property=\"og:type\" content=\"article\" \/>\n<meta property=\"og:title\" content=\"TIRELLI. Formation clients\" \/>\n<meta property=\"og:description\" content=\"Pour am\u00e9liorer l&#039;efficacit\u00e9 de notre service apr\u00e8s-vente, TIRELLI investit dans la formation de ses op\u00e9rateurs ainsi que du personnel technique des clients.\" \/>\n<meta property=\"og:url\" content=\"https:\/\/staging.tirelli.net\/fr\/formation\/\" \/>\n<meta property=\"og:site_name\" content=\"Tirelli Staging\" \/>\n<meta property=\"article:modified_time\" content=\"2024-10-24T11:50:12+00:00\" \/>\n<meta property=\"og:image\" content=\"https:\/\/staging.tirelli.net\/wp-content\/uploads\/2024\/09\/tirelli-img-training.webp\" \/>\n\t<meta property=\"og:image:width\" content=\"1800\" \/>\n\t<meta property=\"og:image:height\" content=\"1013\" \/>\n\t<meta property=\"og:image:type\" content=\"image\/webp\" \/>\n<meta name=\"twitter:card\" content=\"summary_large_image\" \/>\n<meta name=\"twitter:label1\" content=\"Dur\u00e9e de lecture estim\u00e9e\" \/>\n\t<meta name=\"twitter:data1\" content=\"1 minute\" \/>\n<script type=\"application\/ld+json\" class=\"yoast-schema-graph\">{\"@context\":\"https:\\\/\\\/schema.org\",\"@graph\":[{\"@type\":\"WebPage\",\"@id\":\"https:\\\/\\\/staging.tirelli.net\\\/fr\\\/formation\\\/\",\"url\":\"https:\\\/\\\/staging.tirelli.net\\\/fr\\\/formation\\\/\",\"name\":\"TIRELLI. Formation clients\",\"isPartOf\":{\"@id\":\"https:\\\/\\\/staging.tirelli.net\\\/fr\\\/#website\"},\"primaryImageOfPage\":{\"@id\":\"https:\\\/\\\/staging.tirelli.net\\\/fr\\\/formation\\\/#primaryimage\"},\"image\":{\"@id\":\"https:\\\/\\\/staging.tirelli.net\\\/fr\\\/formation\\\/#primaryimage\"},\"thumbnailUrl\":\"https:\\\/\\\/staging.tirelli.net\\\/wp-content\\\/uploads\\\/2024\\\/09\\\/tirelli-img-training.webp\",\"datePublished\":\"2024-08-06T14:37:59+00:00\",\"dateModified\":\"2024-10-24T11:50:12+00:00\",\"description\":\"Pour am\u00e9liorer l'efficacit\u00e9 de notre service apr\u00e8s-vente, TIRELLI investit dans la formation de ses op\u00e9rateurs ainsi que du personnel technique des clients.\",\"breadcrumb\":{\"@id\":\"https:\\\/\\\/staging.tirelli.net\\\/fr\\\/formation\\\/#breadcrumb\"},\"inLanguage\":\"fr-FR\",\"potentialAction\":[{\"@type\":\"ReadAction\",\"target\":[\"https:\\\/\\\/staging.tirelli.net\\\/fr\\\/formation\\\/\"]}]},{\"@type\":\"ImageObject\",\"inLanguage\":\"fr-FR\",\"@id\":\"https:\\\/\\\/staging.tirelli.net\\\/fr\\\/formation\\\/#primaryimage\",\"url\":\"https:\\\/\\\/staging.tirelli.net\\\/wp-content\\\/uploads\\\/2024\\\/09\\\/tirelli-img-training.webp\",\"contentUrl\":\"https:\\\/\\\/staging.tirelli.net\\\/wp-content\\\/uploads\\\/2024\\\/09\\\/tirelli-img-training.webp\",\"width\":1800,\"height\":1013,\"caption\":\"tirelli team training\"},{\"@type\":\"BreadcrumbList\",\"@id\":\"https:\\\/\\\/staging.tirelli.net\\\/fr\\\/formation\\\/#breadcrumb\",\"itemListElement\":[{\"@type\":\"ListItem\",\"position\":1,\"name\":\"Home\",\"item\":\"https:\\\/\\\/staging.tirelli.net\\\/fr\\\/\"},{\"@type\":\"ListItem\",\"position\":2,\"name\":\"Formation\"}]},{\"@type\":\"WebSite\",\"@id\":\"https:\\\/\\\/staging.tirelli.net\\\/fr\\\/#website\",\"url\":\"https:\\\/\\\/staging.tirelli.net\\\/fr\\\/\",\"name\":\"TIRELLI\",\"description\":\"Cosmetic and personal care packaging equipment specialist\",\"publisher\":{\"@id\":\"https:\\\/\\\/staging.tirelli.net\\\/fr\\\/#organization\"},\"potentialAction\":[{\"@type\":\"SearchAction\",\"target\":{\"@type\":\"EntryPoint\",\"urlTemplate\":\"https:\\\/\\\/staging.tirelli.net\\\/fr\\\/?s={search_term_string}\"},\"query-input\":{\"@type\":\"PropertyValueSpecification\",\"valueRequired\":true,\"valueName\":\"search_term_string\"}}],\"inLanguage\":\"fr-FR\"},{\"@type\":\"Organization\",\"@id\":\"https:\\\/\\\/staging.tirelli.net\\\/fr\\\/#organization\",\"name\":\"TIRELLI\",\"alternateName\":\"Customised Packaging Lines\",\"url\":\"https:\\\/\\\/staging.tirelli.net\\\/fr\\\/\",\"logo\":{\"@type\":\"ImageObject\",\"inLanguage\":\"fr-FR\",\"@id\":\"https:\\\/\\\/staging.tirelli.net\\\/fr\\\/#\\\/schema\\\/logo\\\/image\\\/\",\"url\":\"https:\\\/\\\/staging.tirelli.net\\\/wp-content\\\/uploads\\\/2024\\\/07\\\/favicon.png\",\"contentUrl\":\"https:\\\/\\\/staging.tirelli.net\\\/wp-content\\\/uploads\\\/2024\\\/07\\\/favicon.png\",\"width\":512,\"height\":512,\"caption\":\"TIRELLI\"},\"image\":{\"@id\":\"https:\\\/\\\/staging.tirelli.net\\\/fr\\\/#\\\/schema\\\/logo\\\/image\\\/\"}}]}<\/script>\n<!-- \/ Yoast SEO plugin. -->","yoast_head_json":{"title":"TIRELLI. Formation clients","description":"Pour am\u00e9liorer l'efficacit\u00e9 de notre service apr\u00e8s-vente, TIRELLI investit dans la formation de ses op\u00e9rateurs ainsi que du personnel technique des clients.","robots":{"index":"noindex","follow":"follow","max-snippet":"max-snippet:-1","max-image-preview":"max-image-preview:large","max-video-preview":"max-video-preview:-1"},"og_locale":"fr_FR","og_type":"article","og_title":"TIRELLI. Formation clients","og_description":"Pour am\u00e9liorer l'efficacit\u00e9 de notre service apr\u00e8s-vente, TIRELLI investit dans la formation de ses op\u00e9rateurs ainsi que du personnel technique des clients.","og_url":"https:\/\/staging.tirelli.net\/fr\/formation\/","og_site_name":"Tirelli Staging","article_modified_time":"2024-10-24T11:50:12+00:00","og_image":[{"width":1800,"height":1013,"url":"https:\/\/staging.tirelli.net\/wp-content\/uploads\/2024\/09\/tirelli-img-training.webp","type":"image\/webp"}],"twitter_card":"summary_large_image","twitter_misc":{"Dur\u00e9e de lecture estim\u00e9e":"1 minute"},"schema":{"@context":"https:\/\/schema.org","@graph":[{"@type":"WebPage","@id":"https:\/\/staging.tirelli.net\/fr\/formation\/","url":"https:\/\/staging.tirelli.net\/fr\/formation\/","name":"TIRELLI. Formation clients","isPartOf":{"@id":"https:\/\/staging.tirelli.net\/fr\/#website"},"primaryImageOfPage":{"@id":"https:\/\/staging.tirelli.net\/fr\/formation\/#primaryimage"},"image":{"@id":"https:\/\/staging.tirelli.net\/fr\/formation\/#primaryimage"},"thumbnailUrl":"https:\/\/staging.tirelli.net\/wp-content\/uploads\/2024\/09\/tirelli-img-training.webp","datePublished":"2024-08-06T14:37:59+00:00","dateModified":"2024-10-24T11:50:12+00:00","description":"Pour am\u00e9liorer l'efficacit\u00e9 de notre service apr\u00e8s-vente, TIRELLI investit dans la formation de ses op\u00e9rateurs ainsi que du personnel technique des clients.","breadcrumb":{"@id":"https:\/\/staging.tirelli.net\/fr\/formation\/#breadcrumb"},"inLanguage":"fr-FR","potentialAction":[{"@type":"ReadAction","target":["https:\/\/staging.tirelli.net\/fr\/formation\/"]}]},{"@type":"ImageObject","inLanguage":"fr-FR","@id":"https:\/\/staging.tirelli.net\/fr\/formation\/#primaryimage","url":"https:\/\/staging.tirelli.net\/wp-content\/uploads\/2024\/09\/tirelli-img-training.webp","contentUrl":"https:\/\/staging.tirelli.net\/wp-content\/uploads\/2024\/09\/tirelli-img-training.webp","width":1800,"height":1013,"caption":"tirelli team training"},{"@type":"BreadcrumbList","@id":"https:\/\/staging.tirelli.net\/fr\/formation\/#breadcrumb","itemListElement":[{"@type":"ListItem","position":1,"name":"Home","item":"https:\/\/staging.tirelli.net\/fr\/"},{"@type":"ListItem","position":2,"name":"Formation"}]},{"@type":"WebSite","@id":"https:\/\/staging.tirelli.net\/fr\/#website","url":"https:\/\/staging.tirelli.net\/fr\/","name":"TIRELLI","description":"Cosmetic and personal care packaging equipment specialist","publisher":{"@id":"https:\/\/staging.tirelli.net\/fr\/#organization"},"potentialAction":[{"@type":"SearchAction","target":{"@type":"EntryPoint","urlTemplate":"https:\/\/staging.tirelli.net\/fr\/?s={search_term_string}"},"query-input":{"@type":"PropertyValueSpecification","valueRequired":true,"valueName":"search_term_string"}}],"inLanguage":"fr-FR"},{"@type":"Organization","@id":"https:\/\/staging.tirelli.net\/fr\/#organization","name":"TIRELLI","alternateName":"Customised Packaging Lines","url":"https:\/\/staging.tirelli.net\/fr\/","logo":{"@type":"ImageObject","inLanguage":"fr-FR","@id":"https:\/\/staging.tirelli.net\/fr\/#\/schema\/logo\/image\/","url":"https:\/\/staging.tirelli.net\/wp-content\/uploads\/2024\/07\/favicon.png","contentUrl":"https:\/\/staging.tirelli.net\/wp-content\/uploads\/2024\/07\/favicon.png","width":512,"height":512,"caption":"TIRELLI"},"image":{"@id":"https:\/\/staging.tirelli.net\/fr\/#\/schema\/logo\/image\/"}}]}},"_links":{"self":[{"href":"https:\/\/staging.tirelli.net\/fr\/wp-json\/wp\/v2\/pages\/3944","targetHints":{"allow":["GET"]}}],"collection":[{"href":"https:\/\/staging.tirelli.net\/fr\/wp-json\/wp\/v2\/pages"}],"about":[{"href":"https:\/\/staging.tirelli.net\/fr\/wp-json\/wp\/v2\/types\/page"}],"author":[{"embeddable":true,"href":"https:\/\/staging.tirelli.net\/fr\/wp-json\/wp\/v2\/users\/1"}],"replies":[{"embeddable":true,"href":"https:\/\/staging.tirelli.net\/fr\/wp-json\/wp\/v2\/comments?post=3944"}],"version-history":[{"count":1,"href":"https:\/\/staging.tirelli.net\/fr\/wp-json\/wp\/v2\/pages\/3944\/revisions"}],"predecessor-version":[{"id":3945,"href":"https:\/\/staging.tirelli.net\/fr\/wp-json\/wp\/v2\/pages\/3944\/revisions\/3945"}],"wp:featuredmedia":[{"embeddable":true,"href":"https:\/\/staging.tirelli.net\/fr\/wp-json\/wp\/v2\/media\/3725"}],"wp:attachment":[{"href":"https:\/\/staging.tirelli.net\/fr\/wp-json\/wp\/v2\/media?parent=3944"}],"curies":[{"name":"wp","href":"https:\/\/api.w.org\/{rel}","templated":true}]}}