{"id":3939,"date":"2024-08-06T16:37:21","date_gmt":"2024-08-06T14:37:21","guid":{"rendered":"https:\/\/staging.tirelli.net\/maintenance-programmee\/"},"modified":"2024-10-24T13:49:45","modified_gmt":"2024-10-24T11:49:45","slug":"maintenance-programmee","status":"publish","type":"page","link":"https:\/\/staging.tirelli.net\/fr\/maintenance-programmee\/","title":{"rendered":"Maintenance programm\u00e9e"},"content":{"rendered":"\n<h2 class=\"wp-block-heading\">MAINTENANCE PR\u00c9DICTIVE ET INDUSTRIE 4.0<\/h2>\n\n<p>En plus de la maintenance ordinaire et extraordinaire, la maintenance pr\u00e9visionnelle peut \u00eatre n\u00e9cessaire pour r\u00e9duire le risque de probl\u00e8mes \u00e0 venir. <\/p>\n\n<p>La <strong>maintenance pr\u00e9dictive<\/strong> pr\u00e9sente de nombreux avantages:<\/p>\n\n<ul class=\"wp-block-list\">\n<li>Elle pr\u00e9vient les pannes de machines<\/li>\n\n\n\n<li>Elle am\u00e9liore le rendement en r\u00e9duisant les temps d\u2019arr\u00eat de la production<\/li>\n\n\n\n<li>Elle permet de r\u00e9parer ou de remplacer en temps utile une seule pi\u00e8ce et non l\u2019ensemble de la machine.&#13;\n<\/li>\n<\/ul>\n\n<p><\/p>\n","protected":false},"excerpt":{"rendered":"<p>MAINTENANCE PR\u00c9DICTIVE ET INDUSTRIE 4.0 En plus de la maintenance ordinaire et extraordinaire, la maintenance pr\u00e9visionnelle peut \u00eatre n\u00e9cessaire pour r\u00e9duire le risque de probl\u00e8mes \u00e0 venir. La maintenance pr\u00e9dictive pr\u00e9sente de nombreux avantages:<\/p>\n","protected":false},"author":1,"featured_media":3940,"parent":0,"menu_order":0,"comment_status":"closed","ping_status":"closed","template":"","meta":{"_acf_changed":false,"footnotes":""},"class_list":["post-3939","page","type-page","status-publish","has-post-thumbnail","hentry"],"acf":[],"yoast_head":"<!-- This site is optimized with the Yoast SEO plugin v27.4 - https:\/\/yoast.com\/product\/yoast-seo-wordpress\/ -->\n<title>Adaptations et personnalisation des machines TIRELLI<\/title>\n<meta name=\"description\" content=\"En plus de la maintenance ordinaire et corrective, les clients peuvent opter pour la maintenance pr\u00e9ventive afin de minimiser le risque de probl\u00e8mes futurs.\" \/>\n<meta name=\"robots\" content=\"noindex, follow, max-snippet:-1, max-image-preview:large, max-video-preview:-1\" \/>\n<meta property=\"og:locale\" content=\"fr_FR\" \/>\n<meta property=\"og:type\" content=\"article\" \/>\n<meta property=\"og:title\" content=\"Adaptations et personnalisation des machines TIRELLI\" \/>\n<meta property=\"og:description\" content=\"En plus de la maintenance ordinaire et corrective, les clients peuvent opter pour la maintenance pr\u00e9ventive afin de minimiser le risque de probl\u00e8mes futurs.\" \/>\n<meta property=\"og:url\" content=\"https:\/\/staging.tirelli.net\/fr\/maintenance-programmee\/\" \/>\n<meta property=\"og:site_name\" content=\"Tirelli Staging\" \/>\n<meta property=\"article:modified_time\" content=\"2024-10-24T11:49:45+00:00\" \/>\n<meta property=\"og:image\" content=\"https:\/\/staging.tirelli.net\/wp-content\/uploads\/2024\/09\/tirelli-img-scheduled-maintenance.webp\" \/>\n\t<meta property=\"og:image:width\" content=\"1800\" \/>\n\t<meta property=\"og:image:height\" content=\"1013\" \/>\n\t<meta property=\"og:image:type\" content=\"image\/webp\" \/>\n<meta name=\"twitter:card\" content=\"summary_large_image\" \/>\n<script type=\"application\/ld+json\" class=\"yoast-schema-graph\">{\"@context\":\"https:\\\/\\\/schema.org\",\"@graph\":[{\"@type\":\"WebPage\",\"@id\":\"https:\\\/\\\/staging.tirelli.net\\\/fr\\\/maintenance-programmee\\\/\",\"url\":\"https:\\\/\\\/staging.tirelli.net\\\/fr\\\/maintenance-programmee\\\/\",\"name\":\"Adaptations et personnalisation des machines TIRELLI\",\"isPartOf\":{\"@id\":\"https:\\\/\\\/staging.tirelli.net\\\/fr\\\/#website\"},\"primaryImageOfPage\":{\"@id\":\"https:\\\/\\\/staging.tirelli.net\\\/fr\\\/maintenance-programmee\\\/#primaryimage\"},\"image\":{\"@id\":\"https:\\\/\\\/staging.tirelli.net\\\/fr\\\/maintenance-programmee\\\/#primaryimage\"},\"thumbnailUrl\":\"https:\\\/\\\/staging.tirelli.net\\\/wp-content\\\/uploads\\\/2024\\\/09\\\/tirelli-img-scheduled-maintenance.webp\",\"datePublished\":\"2024-08-06T14:37:21+00:00\",\"dateModified\":\"2024-10-24T11:49:45+00:00\",\"description\":\"En plus de la maintenance ordinaire et corrective, les clients peuvent opter pour la maintenance pr\u00e9ventive afin de minimiser le risque de probl\u00e8mes futurs.\",\"breadcrumb\":{\"@id\":\"https:\\\/\\\/staging.tirelli.net\\\/fr\\\/maintenance-programmee\\\/#breadcrumb\"},\"inLanguage\":\"fr-FR\",\"potentialAction\":[{\"@type\":\"ReadAction\",\"target\":[\"https:\\\/\\\/staging.tirelli.net\\\/fr\\\/maintenance-programmee\\\/\"]}]},{\"@type\":\"ImageObject\",\"inLanguage\":\"fr-FR\",\"@id\":\"https:\\\/\\\/staging.tirelli.net\\\/fr\\\/maintenance-programmee\\\/#primaryimage\",\"url\":\"https:\\\/\\\/staging.tirelli.net\\\/wp-content\\\/uploads\\\/2024\\\/09\\\/tirelli-img-scheduled-maintenance.webp\",\"contentUrl\":\"https:\\\/\\\/staging.tirelli.net\\\/wp-content\\\/uploads\\\/2024\\\/09\\\/tirelli-img-scheduled-maintenance.webp\",\"width\":1800,\"height\":1013,\"caption\":\"Rotary labelling machines\"},{\"@type\":\"BreadcrumbList\",\"@id\":\"https:\\\/\\\/staging.tirelli.net\\\/fr\\\/maintenance-programmee\\\/#breadcrumb\",\"itemListElement\":[{\"@type\":\"ListItem\",\"position\":1,\"name\":\"Home\",\"item\":\"https:\\\/\\\/staging.tirelli.net\\\/fr\\\/\"},{\"@type\":\"ListItem\",\"position\":2,\"name\":\"Maintenance programm\u00e9e\"}]},{\"@type\":\"WebSite\",\"@id\":\"https:\\\/\\\/staging.tirelli.net\\\/fr\\\/#website\",\"url\":\"https:\\\/\\\/staging.tirelli.net\\\/fr\\\/\",\"name\":\"TIRELLI\",\"description\":\"Cosmetic and personal care packaging equipment specialist\",\"publisher\":{\"@id\":\"https:\\\/\\\/staging.tirelli.net\\\/fr\\\/#organization\"},\"potentialAction\":[{\"@type\":\"SearchAction\",\"target\":{\"@type\":\"EntryPoint\",\"urlTemplate\":\"https:\\\/\\\/staging.tirelli.net\\\/fr\\\/?s={search_term_string}\"},\"query-input\":{\"@type\":\"PropertyValueSpecification\",\"valueRequired\":true,\"valueName\":\"search_term_string\"}}],\"inLanguage\":\"fr-FR\"},{\"@type\":\"Organization\",\"@id\":\"https:\\\/\\\/staging.tirelli.net\\\/fr\\\/#organization\",\"name\":\"TIRELLI\",\"alternateName\":\"Customised Packaging Lines\",\"url\":\"https:\\\/\\\/staging.tirelli.net\\\/fr\\\/\",\"logo\":{\"@type\":\"ImageObject\",\"inLanguage\":\"fr-FR\",\"@id\":\"https:\\\/\\\/staging.tirelli.net\\\/fr\\\/#\\\/schema\\\/logo\\\/image\\\/\",\"url\":\"https:\\\/\\\/staging.tirelli.net\\\/wp-content\\\/uploads\\\/2024\\\/07\\\/favicon.png\",\"contentUrl\":\"https:\\\/\\\/staging.tirelli.net\\\/wp-content\\\/uploads\\\/2024\\\/07\\\/favicon.png\",\"width\":512,\"height\":512,\"caption\":\"TIRELLI\"},\"image\":{\"@id\":\"https:\\\/\\\/staging.tirelli.net\\\/fr\\\/#\\\/schema\\\/logo\\\/image\\\/\"}}]}<\/script>\n<!-- \/ Yoast SEO plugin. -->","yoast_head_json":{"title":"Adaptations et personnalisation des machines TIRELLI","description":"En plus de la maintenance ordinaire et corrective, les clients peuvent opter pour la maintenance pr\u00e9ventive afin de minimiser le risque de probl\u00e8mes futurs.","robots":{"index":"noindex","follow":"follow","max-snippet":"max-snippet:-1","max-image-preview":"max-image-preview:large","max-video-preview":"max-video-preview:-1"},"og_locale":"fr_FR","og_type":"article","og_title":"Adaptations et personnalisation des machines TIRELLI","og_description":"En plus de la maintenance ordinaire et corrective, les clients peuvent opter pour la maintenance pr\u00e9ventive afin de minimiser le risque de probl\u00e8mes futurs.","og_url":"https:\/\/staging.tirelli.net\/fr\/maintenance-programmee\/","og_site_name":"Tirelli Staging","article_modified_time":"2024-10-24T11:49:45+00:00","og_image":[{"width":1800,"height":1013,"url":"https:\/\/staging.tirelli.net\/wp-content\/uploads\/2024\/09\/tirelli-img-scheduled-maintenance.webp","type":"image\/webp"}],"twitter_card":"summary_large_image","schema":{"@context":"https:\/\/schema.org","@graph":[{"@type":"WebPage","@id":"https:\/\/staging.tirelli.net\/fr\/maintenance-programmee\/","url":"https:\/\/staging.tirelli.net\/fr\/maintenance-programmee\/","name":"Adaptations et personnalisation des machines TIRELLI","isPartOf":{"@id":"https:\/\/staging.tirelli.net\/fr\/#website"},"primaryImageOfPage":{"@id":"https:\/\/staging.tirelli.net\/fr\/maintenance-programmee\/#primaryimage"},"image":{"@id":"https:\/\/staging.tirelli.net\/fr\/maintenance-programmee\/#primaryimage"},"thumbnailUrl":"https:\/\/staging.tirelli.net\/wp-content\/uploads\/2024\/09\/tirelli-img-scheduled-maintenance.webp","datePublished":"2024-08-06T14:37:21+00:00","dateModified":"2024-10-24T11:49:45+00:00","description":"En plus de la maintenance ordinaire et corrective, les clients peuvent opter pour la maintenance pr\u00e9ventive afin de minimiser le risque de probl\u00e8mes futurs.","breadcrumb":{"@id":"https:\/\/staging.tirelli.net\/fr\/maintenance-programmee\/#breadcrumb"},"inLanguage":"fr-FR","potentialAction":[{"@type":"ReadAction","target":["https:\/\/staging.tirelli.net\/fr\/maintenance-programmee\/"]}]},{"@type":"ImageObject","inLanguage":"fr-FR","@id":"https:\/\/staging.tirelli.net\/fr\/maintenance-programmee\/#primaryimage","url":"https:\/\/staging.tirelli.net\/wp-content\/uploads\/2024\/09\/tirelli-img-scheduled-maintenance.webp","contentUrl":"https:\/\/staging.tirelli.net\/wp-content\/uploads\/2024\/09\/tirelli-img-scheduled-maintenance.webp","width":1800,"height":1013,"caption":"Rotary labelling machines"},{"@type":"BreadcrumbList","@id":"https:\/\/staging.tirelli.net\/fr\/maintenance-programmee\/#breadcrumb","itemListElement":[{"@type":"ListItem","position":1,"name":"Home","item":"https:\/\/staging.tirelli.net\/fr\/"},{"@type":"ListItem","position":2,"name":"Maintenance programm\u00e9e"}]},{"@type":"WebSite","@id":"https:\/\/staging.tirelli.net\/fr\/#website","url":"https:\/\/staging.tirelli.net\/fr\/","name":"TIRELLI","description":"Cosmetic and personal care packaging equipment specialist","publisher":{"@id":"https:\/\/staging.tirelli.net\/fr\/#organization"},"potentialAction":[{"@type":"SearchAction","target":{"@type":"EntryPoint","urlTemplate":"https:\/\/staging.tirelli.net\/fr\/?s={search_term_string}"},"query-input":{"@type":"PropertyValueSpecification","valueRequired":true,"valueName":"search_term_string"}}],"inLanguage":"fr-FR"},{"@type":"Organization","@id":"https:\/\/staging.tirelli.net\/fr\/#organization","name":"TIRELLI","alternateName":"Customised Packaging Lines","url":"https:\/\/staging.tirelli.net\/fr\/","logo":{"@type":"ImageObject","inLanguage":"fr-FR","@id":"https:\/\/staging.tirelli.net\/fr\/#\/schema\/logo\/image\/","url":"https:\/\/staging.tirelli.net\/wp-content\/uploads\/2024\/07\/favicon.png","contentUrl":"https:\/\/staging.tirelli.net\/wp-content\/uploads\/2024\/07\/favicon.png","width":512,"height":512,"caption":"TIRELLI"},"image":{"@id":"https:\/\/staging.tirelli.net\/fr\/#\/schema\/logo\/image\/"}}]}},"_links":{"self":[{"href":"https:\/\/staging.tirelli.net\/fr\/wp-json\/wp\/v2\/pages\/3939","targetHints":{"allow":["GET"]}}],"collection":[{"href":"https:\/\/staging.tirelli.net\/fr\/wp-json\/wp\/v2\/pages"}],"about":[{"href":"https:\/\/staging.tirelli.net\/fr\/wp-json\/wp\/v2\/types\/page"}],"author":[{"embeddable":true,"href":"https:\/\/staging.tirelli.net\/fr\/wp-json\/wp\/v2\/users\/1"}],"replies":[{"embeddable":true,"href":"https:\/\/staging.tirelli.net\/fr\/wp-json\/wp\/v2\/comments?post=3939"}],"version-history":[{"count":3,"href":"https:\/\/staging.tirelli.net\/fr\/wp-json\/wp\/v2\/pages\/3939\/revisions"}],"predecessor-version":[{"id":3943,"href":"https:\/\/staging.tirelli.net\/fr\/wp-json\/wp\/v2\/pages\/3939\/revisions\/3943"}],"wp:featuredmedia":[{"embeddable":true,"href":"https:\/\/staging.tirelli.net\/fr\/wp-json\/wp\/v2\/media\/3940"}],"wp:attachment":[{"href":"https:\/\/staging.tirelli.net\/fr\/wp-json\/wp\/v2\/media?parent=3939"}],"curies":[{"name":"wp","href":"https:\/\/api.w.org\/{rel}","templated":true}]}}